{"id":3,"date":"2025-04-24T15:34:32","date_gmt":"2025-04-24T13:34:32","guid":{"rendered":"http:\/\/yourizzme.app\/?page_id=3"},"modified":"2026-01-19T20:35:54","modified_gmt":"2026-01-19T19:35:54","slug":"confidentialite","status":"publish","type":"page","link":"https:\/\/yourizzme.app\/index.php\/confidentialite\/","title":{"rendered":"Politique de confidentialit\u00e9"},"content":{"rendered":"\t\t<div data-elementor-type=\"wp-page\" data-elementor-id=\"3\" class=\"elementor elementor-3\">\n\t\t\t\t<div class=\"elementor-element elementor-element-29c0cc72 e-flex e-con-boxed e-con e-parent\" data-id=\"29c0cc72\" data-element_type=\"container\">\n\t\t\t\t\t<div class=\"e-con-inner\">\n\t\t\t\t<div class=\"elementor-element elementor-element-4d6cd760 elementor-widget elementor-widget-text-editor\" data-id=\"4d6cd760\" data-element_type=\"widget\" data-widget_type=\"text-editor.default\">\n\t\t\t\t\t\t\t\t\t<p>Politique de confidentialit\u00e9 (yourizzme.app)<\/p>\n<p><strong>Quelle est l\u2019utilit\u00e9 de notre Politique de confidentialit\u00e9\u00a0?<\/strong><\/p>\n<p>Boeckli &amp; Gomes SARL, qui g\u00e8re le site yourizzme.app, accorde une grande importance \u00e0 la protection et la confidentialit\u00e9 de vos donn\u00e9es personnelles qui repr\u00e9sentent, pour nous, un gage de s\u00e9rieux et de confiance. \u00c0 ce titre, notre Politique de confidentialit\u00e9 des donn\u00e9es personnelles t\u00e9moigne pr\u00e9cis\u00e9ment de notre volont\u00e9 de faire respecter, au sein de Boeckli &amp; Gomes SARL, les r\u00e8gles applicables en mati\u00e8re de protection des donn\u00e9es personnelles et, plus particuli\u00e8rement, celles du R\u00e8glement g\u00e9n\u00e9ral sur la protection des Donn\u00e9es (\u00ab\u00a0RGPD\u00a0\u00bb). En particulier, notre Politique de confidentialit\u00e9 vise \u00e0 vous informer sur la mani\u00e8re et les raisons pour lesquelles nous traitons vos donn\u00e9es personnelles dans le cadre des services que nous vous fournissons.\u00a0<\/p>\n<p><b>\u00c0 qui s\u2019adresse notre Politique de confidentialit\u00e9\u00a0?<\/b>\u00a0<\/p>\n<p>Si vous avez moins de l&#8217;\u00e2ge l\u00e9gal d\u00e9taill\u00e9 ci-dessus, vous n\u2019\u00eates pas autoris\u00e9 \u00e0 utiliser nos services sans le consentement pr\u00e9alable et explicite de l\u2019un de vos parents ou du titulaire de l&#8217;autorit\u00e9 parentale qui doit nous \u00eatre adress\u00e9 par email \u00e0 l\u2019adresse rgpd@boeckli-gomes.org. Si vous pensez que nous d\u00e9tenons des donn\u00e9es personnelles concernant vos enfants sans y avoir consenti, nous vous invitons \u00e0 nous contacter \u00e0 l&#8217;adresse d\u00e9di\u00e9e d\u00e9taill\u00e9e ci-dessus.\u00a0<\/p>\n<p><strong>Pourquoi traitons-nous vos donn\u00e9es personnelles et sur quel fondement\u00a0?\u00a0<\/strong><\/p>\n<p>Nous traitons vos donn\u00e9es personnelles essentiellement pour les raisons suivantes\u00a0: naviguer sur notre site internet, b\u00e9n\u00e9ficier de nos services et pour que nous puissions r\u00e9pondre \u00e0 vos demandes (ex\u00a0: demandes d\u2019information, r\u00e9clamations, etc.) sur la base de nos conditions g\u00e9n\u00e9rales d\u2019utilisation et de notre int\u00e9r\u00eat l\u00e9gitime \u00e0 vous fournir le meilleur service possible. rester inform\u00e9 de nos derni\u00e8res offres et \u00e9v\u00e9nements par email sur la base de notre int\u00e9r\u00eat l\u00e9gitime \u00e0 fid\u00e9liser notre client\u00e8le et \u00e0 prospecter de nouveaux potentiels clients si vous \u00eates un professionnel, et sur la base de votre consentement si vous \u00eates un particulier pas encore client de nos services. rester inform\u00e9 de nos derni\u00e8res offres et \u00e9v\u00e9nements par t\u00e9l\u00e9phone sur la base de notre int\u00e9r\u00eat l\u00e9gitime \u00e0 fid\u00e9liser notre client\u00e8le et \u00e0 prospecter de nouveaux potentiels clients si vous \u00eates un professionnel, et sur la base de votre consentement si vous \u00eates un particulier. g\u00e9rer la facturation et les \u00e9ventuels impay\u00e9s, sur la base de notre int\u00e9r\u00eat l\u00e9gitime \u00e0 obtenir une contrepartie \u00e0 la fourniture de notre service et sur la base de nos conditions g\u00e9n\u00e9rales. nous suivre et commenter nos publications sur les r\u00e9seaux sociaux sur la base de notre int\u00e9r\u00eat l\u00e9gitime \u00e0 b\u00e9n\u00e9ficier d\u2019une page d\u00e9di\u00e9e sur les r\u00e9seaux sociaux. recevoir notre newsletter qui vous informe sur toutes les actualit\u00e9s concernant nos services sur la base de notre int\u00e9r\u00eat l\u00e9gitime \u00e0 fid\u00e9liser notre client\u00e8le et sur la base de votre consentement dans le cas o\u00f9 vous ne seriez pas encore client de nos services. candidater \u00e0 un poste au sein de Boeckli &amp; Gomes SARL sur la base des discussions que nous avons avec vous pendant le processus de recrutement et de notre int\u00e9r\u00eat l\u00e9gitime \u00e0 recruter et s\u00e9lectionner des candidats. faire fonctionner les vid\u00e9os de notre site sur la base de notre int\u00e9r\u00eat l\u00e9gitime \u00e0 vous proposer du contenu sous format vid\u00e9o. envoyer des enqu\u00eates de satisfaction sur la base de notre int\u00e9r\u00eat l\u00e9gitime \u00e0 am\u00e9liorer nos services.<\/p>\n<p><strong>Comment avons-nous obtenu vos donn\u00e9es personnelles\u00a0? <\/strong><\/p>\n<p>Vos donn\u00e9es sont collect\u00e9es directement aupr\u00e8s de vous d\u00e8s lors que vous \u00eates client de nos services ou \u00ab\u00a0simple\u00a0\u00bb visiteur de notre site yourizzme.app et nous nous engageons \u00e0 ne traiter vos donn\u00e9es que pour les raisons d\u00e9crites pr\u00e9c\u00e9demment. Concernant les professionnels uniquement, il est \u00e9galement possible que vos donn\u00e9es personnelles soient trait\u00e9es indirectement dans le cadre de salons ou de r\u00e9seaux sociaux (ex\u00a0: Linkedin). En revanche, d\u00e8s lors que vous publiez volontairement du contenu sur les pages que nous \u00e9ditons sur les r\u00e9seaux sociaux, vous reconnaissez \u00eatre enti\u00e8rement responsable de toute information personnelle que vous pourriez transmettre, quelle que soit la nature et l\u2019origine de l\u2019information fournie.<\/p>\n<p><strong>Quelles donn\u00e9es personnelles traitons-nous et pour combien de temps\u00a0?<\/strong><\/p>\n<p>Nous avons r\u00e9sum\u00e9 ci-apr\u00e8s les cat\u00e9gories de donn\u00e9es personnelles ainsi que leurs dur\u00e9es respectives de conservation\u00a0: Pour les particuliers, donn\u00e9es d\u2019identification personnelles (ex\u00a0: nom, pr\u00e9nom) et coordonn\u00e9es (ex\u00a0: adresse email) conserv\u00e9es pendant toute la dur\u00e9e de la fourniture du service \u00e0 laquelle s&#8217;ajoutent les d\u00e9lais de prescriptions l\u00e9gaux qui sont g\u00e9n\u00e9ralement de 5 ans. Pour les professionnels, donn\u00e9es d\u2019identification personnelles (ex\u00a0: nom, pr\u00e9nom, poste, entreprise, service, etc.) et coordonn\u00e9es (ex\u00a0: adresse email et t\u00e9l\u00e9phone professionnel, etc.) conserv\u00e9es pendant toute la dur\u00e9e de la fourniture du service \u00e0 laquelle s&#8217;ajoutent les d\u00e9lais de prescriptions l\u00e9gaux qui sont g\u00e9n\u00e9ralement de 5 ans. Pour les particuliers, donn\u00e9es d\u2019ordre \u00e9conomique et financier (ex\u00a0: num\u00e9ro de compte bancaire, code de v\u00e9rification, etc.) conserv\u00e9es pendant la dur\u00e9e n\u00e9cessaire \u00e0 la transaction et \u00e0 la gestion de la facturation et des paiements \u00e0 laquelle s\u2019ajoutent les d\u00e9lais de prescription l\u00e9gaux qui sont g\u00e9n\u00e9ralement de 5 ans \u00e0 10 ans. Pour les professionnels, lorsqu&#8217;il y a une confusion entre le nom de votre structure et votre nom personnel (ex\u00a0: auto-entrepreneur, TPE, etc.), donn\u00e9es d\u2019ordre \u00e9conomique et financier (ex\u00a0: num\u00e9ro de compte bancaire, code de v\u00e9rification, etc.) conserv\u00e9es pendant la dur\u00e9e n\u00e9cessaire \u00e0 la transaction et \u00e0 la gestion de la facturation et des paiements \u00e0 laquelle s\u2019ajoutent les d\u00e9lais de prescription l\u00e9gaux qui sont g\u00e9n\u00e9ralement de 5 ans \u00e0 10 ans. Num\u00e9ro de t\u00e9l\u00e9phone dans le cadre de nos campagnes de prospection commerciale par t\u00e9l\u00e9phone conserv\u00e9 pendant une dur\u00e9e maximum de 3 ans \u00e0 compter du dernier contact que nous avons eu avec vous. Adresse email, conserv\u00e9e pendant une dur\u00e9e maximum de 3 ans \u00e0 compter du dernier contact que nous avons eu avec vous dans le cadre de nos campagnes de prospection par email, et conserv\u00e9e jusqu&#8217;\u00e0 la fin de votre abonnement \u00e0 la newsletter pour recevoir notre newsletter. Donn\u00e9es indiqu\u00e9es dans le CV et la lettre de motivation conserv\u00e9es pendant la dur\u00e9e du processus de recrutement puis pendant 2 ans \u00e0 compter de votre candidature. Donn\u00e9es statistiques relatives au visionnage de nos vid\u00e9os qui sont anonymis\u00e9es et conserv\u00e9es de mani\u00e8re illimit\u00e9e. Donn\u00e9es de connexion (ex\u00a0: logs, adresse IP, etc.) conserv\u00e9es pendant une dur\u00e9e de 1 an. Cookies qui sont en g\u00e9n\u00e9ral conserv\u00e9s pendant une dur\u00e9e de 13 mois maximum. Pour plus de d\u00e9tails sur l&#8217;utilisation que nous faisons de vos cookies, vous pouvez consulter notre politique cookies accessible \u00e0 tout moment sur notre site internet. \u00c0 l&#8217;expiration des dur\u00e9es de conservation applicables, la suppression de vos donn\u00e9es personnelles est irr\u00e9versible et nous ne pourrons plus vous les communiquer pass\u00e9 ce d\u00e9lai. Tout au plus, nous pouvons uniquement conserver des donn\u00e9es anonymes \u00e0 des fins de statistiques. Veuillez \u00e9galement noter qu\u2019en cas de contentieux, nous avons pour obligation de conserver l\u2019int\u00e9gralit\u00e9 des donn\u00e9es personnelles vous concernant durant toute la dur\u00e9e de traitement du dossier m\u00eame apr\u00e8s l\u2019expiration de leurs dur\u00e9es de conservation d\u00e9crites pr\u00e9c\u00e9demment.<\/p>\n<p><strong>De quels droits disposez-vous pour contr\u00f4ler l\u2019usage de vos donn\u00e9es personnelles\u00a0? <\/strong><\/p>\n<p>La r\u00e9glementation applicable en mati\u00e8re de protection des donn\u00e9es vous octroie des droits sp\u00e9cifiques que vous pouvez exercer, \u00e0 tout moment et gratuitement, afin de contr\u00f4ler l\u2019usage que nous faisons de vos donn\u00e9es. Droit d\u2019acc\u00e8s et de copie de vos donn\u00e9es personnelles d\u00e8s lors que cette demande n\u2019est pas en contradiction avec le secret des affaires, la confidentialit\u00e9, ou encore le secret des correspondances. Droit de rectification de donn\u00e9es personnelles qui seraient erron\u00e9es, obsol\u00e8tes ou incompl\u00e8tes. Droit de vous opposer aux traitements de vos donn\u00e9es personnelles mis en \u0153uvre \u00e0 des fins de prospection commerciale, ainsi qu&#8217;aux traitements fond\u00e9s sur notre int\u00e9r\u00eat l\u00e9gitime sauf si des motifs l\u00e9gitimes et imp\u00e9rieux justifient ces traitements et pr\u00e9valent sur vos int\u00e9r\u00eats, droits et libert\u00e9s. Droit de demander l\u2019effacement (\u00ab\u00a0droit \u00e0 l\u2019oubli\u00a0\u00bb) de vos donn\u00e9es personnelles qui ne seraient pas essentielles au bon fonctionnement de nos services. Droit \u00e0 la limitation de vos donn\u00e9es personnelles qui permet de photographier l\u2019utilisation de vos donn\u00e9es en cas de contestation sur la l\u00e9gitimit\u00e9 d\u2019un traitement. Droit \u00e0 la portabilit\u00e9 de vos donn\u00e9es qui vous permet de r\u00e9cup\u00e9rer une partie de vos donn\u00e9es personnelles afin de les stocker ou les transmettre facilement d\u2019un syst\u00e8me d\u2019information \u00e0 un autre. Pour qu\u2019une demande soit prise en compte, il est imp\u00e9ratif qu\u2019elle soit effectu\u00e9e directement par vous, ou votre repr\u00e9sentant \u00e0 l\u2019adresse rgpd@boeckli-gomes.org. Les demandes ne peuvent pas \u00e9maner d\u2019une autre personne que vous ou votre repr\u00e9sentant. Nous pouvons donc vous demander la communication d\u2019une preuve d\u2019identit\u00e9 en cas de doute sur l\u2019identit\u00e9 du demandeur, ainsi qu&#8217;une justification de la repr\u00e9sentation. Nous r\u00e9pondrons \u00e0 votre demande dans les meilleurs d\u00e9lais avec pour limite un d\u00e9lai maximum d&#8217;un mois \u00e0 compter de sa r\u00e9ception, sauf si la demande est techniquement complexe ou si nous recevons de nombreuses demandes au m\u00eame moment. Dans ce cas, le d\u00e9lai de r\u00e9ponse peut \u00eatre de trois mois maximum. Veuillez noter que nous pouvons toujours refuser de r\u00e9pondre \u00e0 toute demande excessive ou infond\u00e9e notamment au regard de son caract\u00e8re r\u00e9p\u00e9titif.<\/p>\n<p><strong>Qui peut avoir acc\u00e8s \u00e0 vos donn\u00e9es personnelles\u00a0?<\/strong><\/p>\n<p>Vos donn\u00e9es personnelles sont trait\u00e9es par nos \u00e9quipes et par nos prestataires techniques dans l&#8217;unique but de faire fonctionner notre service. Nous pr\u00e9cisons que nous contr\u00f4lons tous nos prestataires techniques avant de les recruter afin de s&#8217;assurer qu&#8217;ils respectent scrupuleusement les r\u00e8gles applicables en mati\u00e8re de protection des donn\u00e9es personnelles. <br \/><br \/><strong>PAR AILLEURS, NOUS VOUS GARANTISSONS QUE NOUS NE TRANSF\u00c9RONS OU NE VENDONS JAMAIS VOS DONN\u00c9ES \u00c0 DES TIERS OU \u00c0 DES PARTENAIRES COMMERCIAUX.<\/strong> <br \/><br \/><strong>Vos donn\u00e9es personnelles peuvent-elles \u00eatre transf\u00e9r\u00e9es en dehors de l&#8217;Union europ\u00e9enne\u00a0?<\/strong><\/p>\n<p>Les donn\u00e9es personnelles trait\u00e9es par notre site internet sont exclusivement h\u00e9berg\u00e9es sur des serveurs situ\u00e9s au sein de l&#8217;Union europ\u00e9enne. Par ailleurs, nous faisons notre maximum pour n&#8217;utiliser que des outils techniques dont les serveurs sont \u00e9galement situ\u00e9s au sein de l\u2019Union europ\u00e9enne. Si toutefois cela n&#8217;\u00e9tait pas le cas, nous veillons scrupuleusement \u00e0 ce qu\u2019ils mettent en \u0153uvre les garanties appropri\u00e9es requises pour assurer la confidentialit\u00e9 et la protection de vos donn\u00e9es personnelles.<\/p>\n<p><strong>Comment prot\u00e9geons-nous vos donn\u00e9es personnelles\u00a0?<\/strong><\/p>\n<p>Nous mettons en \u0153uvre tous les moyens techniques et organisationnels requis pour garantir la s\u00e9curit\u00e9 de vos donn\u00e9es personnelles au quotidien et, en particulier, pour lutter contre tout risque de destruction, perte, alt\u00e9ration, ou divulgation.<\/p>\n<p><strong>Utilisons-nous des cookies lorsque vous naviguez sur notre site internet\u00a0? <\/strong><\/p>\n<p>Nous vous informons que nous utilisons des cookies lorsque vous naviguez sur notre site internet. Pour plus d&#8217;informations, nous vous invitons \u00e0 consulter notre Politique cookies.<\/p>\n<p><strong>Qui pouvez-vous contacter pour obtenir plus d\u2019informations sur l&#8217;utilisation de vos donn\u00e9es personnelles\u00a0?<\/strong><\/p>\n<p>Pour garantir au mieux la protection et l&#8217;int\u00e9grit\u00e9 de vos donn\u00e9es, nous avons officiellement nomm\u00e9 un D\u00e9l\u00e9gu\u00e9 \u00e0 la protection des donn\u00e9es (\u00ab\u00a0DPO\u00a0\u00bb) ind\u00e9pendant aupr\u00e8s de notre autorit\u00e9 de contr\u00f4le. Vous pouvez \u00e0 tout moment et gratuitement contacter notre DPO \u00e0 l&#8217;adresse rgpd@boeckli-gomes.org afin d&#8217;obtenir plus d&#8217;informations ou de d\u00e9tails sur la mani\u00e8re dont nous traitons vos donn\u00e9es.<\/p>\n<p><strong>Comment pouvez-vous contacter la CNIL\u00a0? <\/strong><\/p>\n<p>Vous pouvez \u00e0 tout moment contacter la \u00ab\u00a0Commission nationale de l&#8217;informatique et des libert\u00e9s\u00a0\u00bb ou \u00ab\u00a0CNIL\u00a0\u00bb aux coordonn\u00e9es suivantes\u00a0:<\/p>\n<p>Service des plaintes de la CNIL, 3 place de Fontenoy \u2013 TSA 80751, 75334 Paris Cedex 07<\/p>\n<p>ou par t\u00e9l\u00e9phone au 01.53.73.22.22.<\/p>\n<p><strong>La Politique de confidentialit\u00e9 peut-elle \u00eatre modifi\u00e9e\u00a0?<\/strong><\/p>\n<p>Nous sommes susceptibles de modifier notre Politique de confidentialit\u00e9 \u00e0 tout moment pour l\u2019adapter aux nouvelles exigences l\u00e9gales ainsi qu\u2019aux nouveaux traitements que nous pourrions mettre en \u0153uvre dans le futur.<\/p>\n<p>Certifi\u00e9 conforme par Dipeeo \u00ae<\/p>\t\t\t\t\t\t\t\t<\/div>\n\t\t\t\t\t<\/div>\n\t\t\t\t<\/div>\n\t\t\t\t<\/div>\n\t\t","protected":false},"excerpt":{"rendered":"Politique de confidentialit\u00e9 (yourizzme.app) Quelle est l\u2019utilit\u00e9 de notre Politique de confidentialit\u00e9\u00a0? Boeckli &amp; Gomes SARL, qui g\u00e8re le site yourizzme.app, accorde une grande importance \u00e0 la protection et la confidentialit\u00e9 de vos donn\u00e9es personnelles qui repr\u00e9sentent,[&#8230;]","protected":false},"author":1,"featured_media":0,"parent":0,"menu_order":0,"comment_status":"closed","ping_status":"open","template":"","meta":{"footnotes":""},"class_list":["post-3","page","type-page","status-publish","hentry"],"_links":{"self":[{"href":"https:\/\/yourizzme.app\/index.php\/wp-json\/wp\/v2\/pages\/3","targetHints":{"allow":["GET"]}}],"collection":[{"href":"https:\/\/yourizzme.app\/index.php\/wp-json\/wp\/v2\/pages"}],"about":[{"href":"https:\/\/yourizzme.app\/index.php\/wp-json\/wp\/v2\/types\/page"}],"author":[{"embeddable":true,"href":"https:\/\/yourizzme.app\/index.php\/wp-json\/wp\/v2\/users\/1"}],"replies":[{"embeddable":true,"href":"https:\/\/yourizzme.app\/index.php\/wp-json\/wp\/v2\/comments?post=3"}],"version-history":[{"count":12,"href":"https:\/\/yourizzme.app\/index.php\/wp-json\/wp\/v2\/pages\/3\/revisions"}],"predecessor-version":[{"id":2923,"href":"https:\/\/yourizzme.app\/index.php\/wp-json\/wp\/v2\/pages\/3\/revisions\/2923"}],"wp:attachment":[{"href":"https:\/\/yourizzme.app\/index.php\/wp-json\/wp\/v2\/media?parent=3"}],"curies":[{"name":"wp","href":"https:\/\/api.w.org\/{rel}","templated":true}]}}