{"id":2536,"date":"2025-10-13T11:39:25","date_gmt":"2025-10-13T09:39:25","guid":{"rendered":"https:\/\/yourizzme.app\/?page_id=2536"},"modified":"2026-01-19T20:39:40","modified_gmt":"2026-01-19T19:39:40","slug":"politique-cookies","status":"publish","type":"page","link":"https:\/\/yourizzme.app\/index.php\/politique-cookies\/","title":{"rendered":"Politique d&#8217;utilisation des cookies"},"content":{"rendered":"\t\t<div data-elementor-type=\"wp-page\" data-elementor-id=\"2536\" class=\"elementor elementor-2536\">\n\t\t\t\t<div class=\"elementor-element elementor-element-2b748a5b e-flex e-con-boxed e-con e-parent\" data-id=\"2b748a5b\" data-element_type=\"container\">\n\t\t\t\t\t<div class=\"e-con-inner\">\n\t\t\t\t<div class=\"elementor-element elementor-element-766853eb elementor-widget elementor-widget-text-editor\" data-id=\"766853eb\" data-element_type=\"widget\" data-widget_type=\"text-editor.default\">\n\t\t\t\t\t\t\t\t\t<p>Politique d&#8217;utilisation des cookies (yourizzme.app)<\/p>\n<p><strong>Quelle est l&#8217;utilit\u00e9 de notre Politique d&#8217;utilisation des cookies\u00a0? <\/strong><\/p>\n<p>Boeckli &amp; Gomes SARL, qui g\u00e8re le site yourizzme.app, accorde une grande importance \u00e0 la confidentialit\u00e9 de vos donn\u00e9es personnelles qui repr\u00e9sente pour nous un gage de s\u00e9rieux et de confiance, y compris en mati\u00e8re de cookies. \u00c0 ce titre, notre Politique d&#8217;utilisation des cookies t\u00e9moigne pr\u00e9cis\u00e9ment de notre volont\u00e9 de faire respecter, au sein de Boeckli &amp; Gomes SARL, les r\u00e8gles applicables en mati\u00e8re de protection des donn\u00e9es personnelles et, plus particuli\u00e8rement, celles relatives aux cookies utilis\u00e9s lorsque vous naviguez sur notre site yourizzme.app. Si vous souhaitez des informations sur les autres traitements de donn\u00e9es personnelles que nous r\u00e9alisons, nous vous invitons \u00e0 consulter notre Politique de confidentialit\u00e9 des donn\u00e9es personnelles, accessible \u00e0 tout moment sur notre site yourizzme.app.<\/p>\n<p><strong>Qu&#8217;est-ce qu&#8217;un cookie et permet-il de vous identifier directement\u00a0?<\/strong><\/p>\n<p>Un cookie est un petit fichier \u00ab\u00a0texte\u00a0\u00bb plac\u00e9 et h\u00e9berg\u00e9 par un serveur sur votre terminal (ex\u00a0: smartphone, tablette ou ordinateur) lorsque vous consultez un site internet. Un cookie ne permet pas de vous identifier personnellement puisqu&#8217;il permet seulement d&#8217;identifier votre terminal via votre adresse IP, ainsi que diff\u00e9rentes informations li\u00e9es \u00e0 votre navigation (ex\u00a0: dur\u00e9e de navigation, pages consult\u00e9es, taille de votre \u00e9cran, etc.).<\/p>\n<p><strong>Qu&#8217;est-ce qu&#8217;un cookie technique et pourquoi en utilisons-nous\u00a0?<\/strong><\/p>\n<p>Le bon fonctionnement de notre site internet yourizzme.app implique n\u00e9cessairement l&#8217;utilisation de cookies techniques que nous pouvons utiliser sans votre consentement pr\u00e9alable, sur le fondement de notre int\u00e9r\u00eat l\u00e9gitime \u00e0 vous fournir un site internet fonctionnel. \u00c0 titre d&#8217;exemple, un cookie technique permet de retenir la langue de votre site internet ainsi que le format du site pour faciliter les prochaines connexions et la navigation. Ainsi, bien que nous ne le conseillions pas, vous pouvez toujours vous opposer au d\u00e9p\u00f4t de ces cookies sur votre terminal \u00e0 l&#8217;aide des param\u00e8tres de votre navigateur en suivant les instructions suivantes\u00a0: Chrome, Microsoft Edge, Safari, Firefox et Opera. Il est en revanche possible que, dans ce cas, votre exp\u00e9rience en tant que visiteur soit d\u00e9grad\u00e9e. Pour restaurer une bonne qualit\u00e9 de navigation, il faudra dans ce cas remettre les cookies techniques.<\/p>\n<p><strong>Qu&#8217;est-ce qu&#8217;un cookie statistique et pourquoi en utilisons-nous\u00a0?<\/strong><\/p>\n<p>Un cookie statistique permet d&#8217;analyser l&#8217;usage que vous faites d&#8217;un site internet (ex\u00a0: temps de navigation, page visit\u00e9e, etc.) afin d&#8217;am\u00e9liorer votre exp\u00e9rience et de vous fournir un service adapt\u00e9 \u00e0 vos besoins. Pour notre site internet yourizzme.app, nous utilisons des cookies statistiques non-exon\u00e9r\u00e9s de consentement qui ne peuvent \u00eatre d\u00e9pos\u00e9s sur votre terminal qu&#8217;avec votre consentement pr\u00e9alable formul\u00e9 par l&#8217;interm\u00e9diaire de notre bandeau cookies.<\/p>\n<p><strong>Qu&#8217;est-ce qu&#8217;un cookie publicitaire et pourquoi en utilisons-nous\u00a0? <\/strong><\/p>\n<p>Un cookie publicitaire peut permettre soit de fournir de la publicit\u00e9 sur un site internet soit d&#8217;identifier la source d&#8217;arriv\u00e9e sur un site du visiteur (ex\u00a0: Google, Bing, etc.). Nous utilisons des cookies publicitaires pour \u00eatre r\u00e9f\u00e9renc\u00e9s sur des moteurs de recherche (ex\u00a0: Google, Bing, etc.) et pour identifier la source d&#8217;arriv\u00e9e du visiteur sur notre site internet.<\/p>\n<p><strong>Quelles donn\u00e9es personnelles traitons-nous avec nos cookies et pour combien de temps\u00a0?<\/strong><\/p>\n<p>Votre adresse IP et un ID user que nous cr\u00e9ons lors de votre premi\u00e8re connexion afin de vous reconna\u00eetre pendant une dur\u00e9e de 13\u00a0mois maximum. Si vous acceptez le d\u00e9p\u00f4t de cookies statistiques, vos donn\u00e9es personnelles li\u00e9es \u00e0 votre navigation sur notre site internet (ex\u00a0: pages visit\u00e9es, dur\u00e9es de navigation, etc.) pendant une dur\u00e9e de 13\u00a0mois maximum non renouvelable avant toute nouvelle connexion avant le 14e mois. Si vous acceptez les cookies de r\u00e9f\u00e9rencement sur les moteurs de recherche pour identifier la source d&#8217;arriv\u00e9e sur notre site, votre adresse IP, votre ID user et le site visit\u00e9 pendant une dur\u00e9e de 13\u00a0mois maximum non renouvelable avant toute nouvelle connexion avant le 14e mois. \u00c0 l&#8217;expiration des dur\u00e9es de conservation pr\u00e9cis\u00e9es ci-apr\u00e8s, nous ne conservons aucune donn\u00e9e vous concernant. Tout au plus, nous pouvons anonymiser vos donn\u00e9es \u00e0 des fins de statistiques.<\/p>\n<p><strong>Comment contr\u00f4lez-vous l&#8217;utilisation des cookies\u00a0?<\/strong><\/p>\n<p>Le droit de refuser des cookies s\u2019effectue \u00e0 tout moment \u00e0 l\u2019aide de notre bandeau cookies. Dans l\u2019hypoth\u00e8se o\u00f9 le bandeau cookies ne s\u2019afficherait plus, vous pouvez \u00e9galement param\u00e9trer les cookies via l&#8217;onglet \u00ab\u00a0g\u00e9rer les cookies\u00a0\u00bb sur notre site ou directement sur votre navigateur en suivant les instructions suivantes\u00a0: Chrome, Microsoft Edge, Safari, Firefox et Opera.<\/p>\n<p><strong>De quels droits disposez-vous pour contr\u00f4ler l\u2019usage de vos donn\u00e9es personnelles utilis\u00e9es par l&#8217;interm\u00e9diaire des cookies\u00a0?<\/strong><\/p>\n<p>Droit d\u2019acc\u00e8s et de copie de vos donn\u00e9es personnelles d\u00e8s lors que cette demande n\u2019est pas en contradiction avec le secret des affaires, la confidentialit\u00e9, ou encore le secret des correspondances. Droit de rectification de donn\u00e9es personnelles qui seraient erron\u00e9es, obsol\u00e8tes ou incompl\u00e8tes. Droit de vous opposer au traitement de vos donn\u00e9es personnelles lorsque celui-ci est fond\u00e9 sur notre int\u00e9r\u00eat l\u00e9gitime, sauf si des motifs l\u00e9gitimes et imp\u00e9rieux justifient ce traitement et pr\u00e9valent sur vos int\u00e9r\u00eats, droits et libert\u00e9s. Droit de demander l\u2019effacement (\u00ab\u00a0droit \u00e0 l\u2019oubli\u00a0\u00bb) de vos donn\u00e9es personnelles qui ne seraient pas essentielles au bon fonctionnement de nos services. Droit \u00e0 la limitation de vos donn\u00e9es personnelles qui permet de photographier l\u2019utilisation de vos donn\u00e9es en cas de contestation sur la l\u00e9gitimit\u00e9 d\u2019un traitement. Droit \u00e0 la portabilit\u00e9 de vos donn\u00e9es qui vous permet de r\u00e9cup\u00e9rer une partie de vos donn\u00e9es personnelles afin de les stocker ou les transmettre facilement d\u2019un syst\u00e8me d\u2019information \u00e0 un autre. Droit de donner des directives sur le sort de vos donn\u00e9es en cas de d\u00e9c\u00e8s soit par votre interm\u00e9diaire, soit l\u2019interm\u00e9diaire d\u2019un tiers de confiance ou d\u2019un ayant-droit. Pour qu\u2019une demande soit prise en compte, il est imp\u00e9ratif qu\u2019elle soit effectu\u00e9e directement par vous, ou votre repr\u00e9sentant \u00e0 l\u2019adresse rgpd@boeckli-gomes.org. Les demandes ne peuvent pas \u00e9maner d\u2019une autre personne que vous ou votre repr\u00e9sentant. Nous pouvons donc vous demander la communication d\u2019une preuve d\u2019identit\u00e9 en cas de doute sur l\u2019identit\u00e9 du demandeur, ainsi qu&#8217;une justification de la repr\u00e9sentation. Nous r\u00e9pondrons \u00e0 votre demande dans les meilleurs d\u00e9lais avec pour limite un d\u00e9lai maximum d&#8217;un mois \u00e0 compter de sa r\u00e9ception, sauf si la demande est techniquement complexe ou si nous recevons de nombreuses demandes au m\u00eame moment. Dans ce cas, le d\u00e9lai de r\u00e9ponse peut \u00eatre de trois mois maximum. Veuillez noter que nous pouvons toujours refuser de r\u00e9pondre \u00e0 toute demande excessive ou infond\u00e9e notamment au regard de son caract\u00e8re r\u00e9p\u00e9titif.<\/p>\n<p><strong>Vos donn\u00e9es personnelles utilis\u00e9es via nos cookies peuvent-elles \u00eatre transf\u00e9r\u00e9es en dehors de l&#8217;Union europ\u00e9enne\u00a0?<\/strong><\/p>\n<p>Les cookies statistiques et publicitaires que nous utilisons peuvent envoyer votre adresse IP et votre ID user en dehors de l&#8217;Union europ\u00e9enne pour fonctionner. Dans ce cas, nous garantissons que ces outils respectent strictement les r\u00e8gles applicables en mati\u00e8re de transferts afin de garantir une confidentialit\u00e9 et une protection ad\u00e9quate de vos donn\u00e9es personnelles.<\/p>\n<p><strong>Qui pouvez-vous contacter pour obtenir plus d\u2019informations sur l&#8217;utilisation de vos donn\u00e9es personnelles\u00a0? <\/strong><\/p>\n<p>Pour garantir au mieux la protection et l&#8217;int\u00e9grit\u00e9 de vos donn\u00e9es, nous avons officiellement nomm\u00e9 un D\u00e9l\u00e9gu\u00e9 \u00e0 la protection des donn\u00e9es (\u00ab\u00a0DPO\u00a0\u00bb) ind\u00e9pendant aupr\u00e8s de notre autorit\u00e9 de contr\u00f4le. Vous pouvez \u00e0 tout moment et gratuitement contacter notre DPO \u00e0 l&#8217;adresse rgpd@boeckli-gomes.org afin d&#8217;obtenir plus d&#8217;informations ou de d\u00e9tails sur la mani\u00e8re dont nous traitons vos donn\u00e9es.<\/p>\n<p><strong>Comment pouvez-vous contacter la CNIL\u00a0? <\/strong><\/p>\n<p>Vous pouvez \u00e0 tout moment contacter la \u00ab\u00a0Commission nationale de l&#8217;informatique et des libert\u00e9s\u00a0\u00bb ou \u00ab\u00a0CNIL\u00a0\u00bb aux coordonn\u00e9es suivantes\u00a0: Service des plaintes de la CNIL, 3 place de Fontenoy \u2013 TSA 80751, 75334 Paris Cedex 07 ou par t\u00e9l\u00e9phone au 01.53.73.22.22.<\/p>\n<p><strong>La Politique d&#8217;utilisation des cookies peut-elle \u00eatre modifi\u00e9e\u00a0?<\/strong><\/p>\n<p>Nous sommes susceptibles de modifier notre Politique d&#8217;utilisation des cookies \u00e0 tout moment pour l\u2019adapter aux nouvelles exigences l\u00e9gales ainsi qu\u2019aux nouveaux traitements que nous pourrions mettre en \u0153uvre dans le futur.<\/p>\n<p>Certifi\u00e9 conforme par Dipeeo \u00ae<\/p>\t\t\t\t\t\t\t\t<\/div>\n\t\t\t\t\t<\/div>\n\t\t\t\t<\/div>\n\t\t\t\t<\/div>\n\t\t","protected":false},"excerpt":{"rendered":"Politique d&#8217;utilisation des cookies (yourizzme.app) Quelle est l&#8217;utilit\u00e9 de notre Politique d&#8217;utilisation des cookies\u00a0? Boeckli &amp; Gomes SARL, qui g\u00e8re le site yourizzme.app, accorde une grande importance \u00e0 la confidentialit\u00e9 de vos donn\u00e9es personnelles qui repr\u00e9sente pour[&#8230;]","protected":false},"author":1,"featured_media":0,"parent":0,"menu_order":0,"comment_status":"closed","ping_status":"closed","template":"","meta":{"footnotes":""},"class_list":["post-2536","page","type-page","status-publish","hentry"],"_links":{"self":[{"href":"https:\/\/yourizzme.app\/index.php\/wp-json\/wp\/v2\/pages\/2536","targetHints":{"allow":["GET"]}}],"collection":[{"href":"https:\/\/yourizzme.app\/index.php\/wp-json\/wp\/v2\/pages"}],"about":[{"href":"https:\/\/yourizzme.app\/index.php\/wp-json\/wp\/v2\/types\/page"}],"author":[{"embeddable":true,"href":"https:\/\/yourizzme.app\/index.php\/wp-json\/wp\/v2\/users\/1"}],"replies":[{"embeddable":true,"href":"https:\/\/yourizzme.app\/index.php\/wp-json\/wp\/v2\/comments?post=2536"}],"version-history":[{"count":10,"href":"https:\/\/yourizzme.app\/index.php\/wp-json\/wp\/v2\/pages\/2536\/revisions"}],"predecessor-version":[{"id":2926,"href":"https:\/\/yourizzme.app\/index.php\/wp-json\/wp\/v2\/pages\/2536\/revisions\/2926"}],"wp:attachment":[{"href":"https:\/\/yourizzme.app\/index.php\/wp-json\/wp\/v2\/media?parent=2536"}],"curies":[{"name":"wp","href":"https:\/\/api.w.org\/{rel}","templated":true}]}}